{"id":24,"date":"2024-01-12T10:49:51","date_gmt":"2024-01-12T15:49:51","guid":{"rendered":"https:\/\/quebecerratique.com\/?page_id=24"},"modified":"2025-12-18T11:59:23","modified_gmt":"2025-12-18T16:59:23","slug":"accueil","status":"publish","type":"page","link":"https:\/\/quebecerratique.com\/","title":{"rendered":"Accueil"},"content":{"rendered":"\n<figure class=\"wp-block-image size-full\"><img loading=\"lazy\" decoding=\"async\" width=\"776\" height=\"726\" src=\"https:\/\/www.snow-fox-644620.hostingersite.com\/qe\/wp-content\/uploads\/2024\/02\/titre_no0.png\" alt=\"\" class=\"wp-image-84\" srcset=\"https:\/\/quebecerratique.com\/wp-content\/uploads\/2024\/02\/titre_no0.png 776w, https:\/\/quebecerratique.com\/wp-content\/uploads\/2024\/02\/titre_no0-300x281.png 300w, https:\/\/quebecerratique.com\/wp-content\/uploads\/2024\/02\/titre_no0-768x719.png 768w\" sizes=\"auto, (max-width: 776px) 100vw, 776px\" \/><\/figure>\n\n\n\n<div style=\"height:100px\" aria-hidden=\"true\" class=\"wp-block-spacer\"><\/div>\n\n\n\n<p class=\"has-text-align-center\">Bienvenue sur le site de <em>Qu\u00e9bec Erratique<\/em>, un zine artisanal con\u00e7u et \u00e9dit\u00e9 par Antoine Malette et LVP.<br><br>La physicalit\u00e9 de l&#8217;objet \u00e9tant une condition <em>sine qua non<\/em> de notre entreprise, le m\u00e9dium est imprim\u00e9.<br><br>[QE] se veut une plateforme d&#8217;expression libre, le contenu volontairement \u00e9pars. On y retrouve de tout: de l&#8217;essai, de la fiction, de la po\u00e9sie, du commentaire et du texte d&#8217;opinion.<br><br>Toute soumission est consid\u00e9r\u00e9e.<br>Si le projet vous parle, soumettez-nous un texte.<br>Nous vous lirons.<\/p>\n\n\n\n<div style=\"height:100px\" aria-hidden=\"true\" class=\"wp-block-spacer\"><\/div>\n\n\n\n<blockquote class=\"wp-block-quote has-text-align-right has-background is-layout-flow wp-block-quote-is-layout-flow\" style=\"background-color:#67634d42\">\n<p class=\"has-text-align-center\">\u00ab Toute nouvelle revue entend combler une lacune du champ intellectuel ressentie par ses<br>fondateurs. \u00bb<\/p>\n<cite>Andr\u00e9e Fortin<\/cite><\/blockquote>\n\n\n\n<div style=\"height:100px\" aria-hidden=\"true\" class=\"wp-block-spacer\"><\/div>\n","protected":false},"excerpt":{"rendered":"<p>Bienvenue sur le site de Qu\u00e9bec Erratique, un zine artisanal con\u00e7u et \u00e9dit\u00e9 par Antoine Malette et LVP. La physicalit\u00e9 de l&#8217;objet \u00e9tant une condition sine qua non de notre entreprise, le m\u00e9dium est imprim\u00e9. [QE] se veut une plateforme d&#8217;expression libre, le contenu volontairement \u00e9pars. On y retrouve de tout: de l&#8217;essai, de la [&hellip;]<\/p>\n","protected":false},"author":1,"featured_media":0,"parent":0,"menu_order":1,"comment_status":"closed","ping_status":"closed","template":"","meta":{"_editorskit_title_hidden":false,"_editorskit_reading_time":0,"_editorskit_is_block_options_detached":false,"_editorskit_block_options_position":"{}","footnotes":""},"class_list":["post-24","page","type-page","status-publish","hentry"],"_links":{"self":[{"href":"https:\/\/quebecerratique.com\/index.php\/wp-json\/wp\/v2\/pages\/24","targetHints":{"allow":["GET"]}}],"collection":[{"href":"https:\/\/quebecerratique.com\/index.php\/wp-json\/wp\/v2\/pages"}],"about":[{"href":"https:\/\/quebecerratique.com\/index.php\/wp-json\/wp\/v2\/types\/page"}],"author":[{"embeddable":true,"href":"https:\/\/quebecerratique.com\/index.php\/wp-json\/wp\/v2\/users\/1"}],"replies":[{"embeddable":true,"href":"https:\/\/quebecerratique.com\/index.php\/wp-json\/wp\/v2\/comments?post=24"}],"version-history":[{"count":11,"href":"https:\/\/quebecerratique.com\/index.php\/wp-json\/wp\/v2\/pages\/24\/revisions"}],"predecessor-version":[{"id":230,"href":"https:\/\/quebecerratique.com\/index.php\/wp-json\/wp\/v2\/pages\/24\/revisions\/230"}],"wp:attachment":[{"href":"https:\/\/quebecerratique.com\/index.php\/wp-json\/wp\/v2\/media?parent=24"}],"curies":[{"name":"wp","href":"https:\/\/api.w.org\/{rel}","templated":true}]}}