{"id":108,"date":"2024-03-31T10:18:35","date_gmt":"2024-03-31T14:18:35","guid":{"rendered":"https:\/\/quebecerratique.com\/?page_id=108"},"modified":"2024-03-31T10:43:33","modified_gmt":"2024-03-31T14:43:33","slug":"soumission","status":"publish","type":"page","link":"https:\/\/quebecerratique.com\/index.php\/soumission\/","title":{"rendered":"Soumission"},"content":{"rendered":"\n<p class=\"has-text-align-center\" style=\"padding-top:var(--wp--preset--spacing--20);padding-right:0;padding-bottom:var(--wp--preset--spacing--20);padding-left:0\">[QE] accepte pr\u00e9sentement les soumissions en tout genre. Aucun appel de texte th\u00e9matique n&#8217;est actuellement en cours, ce qui veut dire que vous les \u00eates les bienvenus \u00e0 soumettre tout texte vous paraissant digne d&#8217;\u00eatre publi\u00e9 dans nos pages.<br><br>Soyez assur\u00e9 que nous lisons toutes les contributions soumises. Une r\u00e9ponse vous sera envoy\u00e9e une fois que le comit\u00e9 \u00e9ditorial en aura minutieusement fait la lecture.<br><br>Vos contributions sont essentielles au dynamisme de la revue.<br><br>Merci.<\/p>\n\n\n\n<div class=\"wpcf7 no-js\" id=\"wpcf7-f111-o1\" lang=\"en-CA\" dir=\"ltr\" data-wpcf7-id=\"111\">\n<div class=\"screen-reader-response\"><p role=\"status\" aria-live=\"polite\" aria-atomic=\"true\"><\/p> <ul><\/ul><\/div>\n<form action=\"\/index.php\/wp-json\/wp\/v2\/pages\/108#wpcf7-f111-o1\" method=\"post\" class=\"wpcf7-form init\" aria-label=\"Contact form\" enctype=\"multipart\/form-data\" novalidate=\"novalidate\" data-status=\"init\">\n<fieldset class=\"hidden-fields-container\"><input type=\"hidden\" name=\"_wpcf7\" value=\"111\" \/><input type=\"hidden\" name=\"_wpcf7_version\" value=\"6.1.4\" \/><input type=\"hidden\" name=\"_wpcf7_locale\" value=\"en_CA\" \/><input type=\"hidden\" name=\"_wpcf7_unit_tag\" value=\"wpcf7-f111-o1\" \/><input type=\"hidden\" name=\"_wpcf7_container_post\" value=\"0\" \/><input type=\"hidden\" name=\"_wpcf7_posted_data_hash\" value=\"\" \/>\n<\/fieldset>\n<p><label> Votre nom<br \/>\n<span class=\"wpcf7-form-control-wrap\" data-name=\"your-name\"><input size=\"40\" maxlength=\"400\" class=\"wpcf7-form-control wpcf7-text wpcf7-validates-as-required\" autocomplete=\"name\" aria-required=\"true\" aria-invalid=\"false\" value=\"\" type=\"text\" name=\"your-name\" \/><\/span> <\/label>\n<\/p>\n<p><label> Votre courriel<br \/>\n<span class=\"wpcf7-form-control-wrap\" data-name=\"your-email\"><input size=\"40\" maxlength=\"400\" class=\"wpcf7-form-control wpcf7-email wpcf7-validates-as-required wpcf7-text wpcf7-validates-as-email\" autocomplete=\"email\" aria-required=\"true\" aria-invalid=\"false\" value=\"\" type=\"email\" name=\"your-email\" \/><\/span> <\/label>\n<\/p>\n<p><label> Sujet<br \/>\n<span class=\"wpcf7-form-control-wrap\" data-name=\"your-subject\"><input size=\"40\" maxlength=\"400\" class=\"wpcf7-form-control wpcf7-text wpcf7-validates-as-required\" aria-required=\"true\" aria-invalid=\"false\" value=\"\" type=\"text\" name=\"your-subject\" \/><\/span> <\/label>\n<\/p>\n<p><span class=\"wpcf7-form-control-wrap\" data-name=\"file-867\"><input size=\"40\" class=\"wpcf7-form-control wpcf7-file wpcf7-validates-as-required\" accept=\".doc,.docx,.rtf,.pdf\" aria-required=\"true\" aria-invalid=\"false\" type=\"file\" name=\"file-867\" \/><\/span>\n<\/p>\n<p><label> Votre message (optionnel)<br \/>\n<span class=\"wpcf7-form-control-wrap\" data-name=\"your-message\"><textarea cols=\"40\" rows=\"10\" maxlength=\"2000\" class=\"wpcf7-form-control wpcf7-textarea\" aria-invalid=\"false\" name=\"your-message\"><\/textarea><\/span> <\/label>\n<\/p>\n<p><input class=\"wpcf7-form-control wpcf7-submit has-spinner\" type=\"submit\" value=\"Soumettre\" \/>\n<\/p><div class=\"wpcf7-response-output\" aria-hidden=\"true\"><\/div>\n<\/form>\n<\/div>\n\n\n\n\n<div style=\"height:100px\" aria-hidden=\"true\" class=\"wp-block-spacer\"><\/div>\n\n\n\n<p class=\"has-text-align-center has-medium-font-size\"><em>Notez que la taille limite des fichiers-joints est fix\u00e9e \u00e0 2 MB par notre h\u00e9bergeur. Cela devrait \u00eatre amplement suffisant pour un texte non format\u00e9, mais si vous deviez vous retrouver dans la situation o\u00f9 votre soumission exc\u00e8de cette limite, faites-nous parvenir le tout \u00e0 soumissions<mark style=\"background-color:rgba(0, 0, 0, 0);color:#e9fe2b\" class=\"has-inline-color\">[at]<\/mark>quebecerratique<mark style=\"background-color:rgba(0, 0, 0, 0);color:#e9fe2b\" class=\"has-inline-color\">[point]<\/mark>com<\/em><\/p>\n","protected":false},"excerpt":{"rendered":"<p>[QE] accepte pr\u00e9sentement les soumissions en tout genre. Aucun appel de texte th\u00e9matique n&#8217;est actuellement en cours, ce qui veut dire que vous les \u00eates les bienvenus \u00e0 soumettre tout texte vous paraissant digne d&#8217;\u00eatre publi\u00e9 dans nos pages. Soyez assur\u00e9 que nous lisons toutes les contributions soumises. Une r\u00e9ponse vous sera envoy\u00e9e une fois [&hellip;]<\/p>\n","protected":false},"author":1,"featured_media":0,"parent":0,"menu_order":5,"comment_status":"closed","ping_status":"closed","template":"","meta":{"_editorskit_title_hidden":false,"_editorskit_reading_time":0,"_editorskit_is_block_options_detached":false,"_editorskit_block_options_position":"{}","footnotes":""},"class_list":["post-108","page","type-page","status-publish","hentry"],"_links":{"self":[{"href":"https:\/\/quebecerratique.com\/index.php\/wp-json\/wp\/v2\/pages\/108","targetHints":{"allow":["GET"]}}],"collection":[{"href":"https:\/\/quebecerratique.com\/index.php\/wp-json\/wp\/v2\/pages"}],"about":[{"href":"https:\/\/quebecerratique.com\/index.php\/wp-json\/wp\/v2\/types\/page"}],"author":[{"embeddable":true,"href":"https:\/\/quebecerratique.com\/index.php\/wp-json\/wp\/v2\/users\/1"}],"replies":[{"embeddable":true,"href":"https:\/\/quebecerratique.com\/index.php\/wp-json\/wp\/v2\/comments?post=108"}],"version-history":[{"count":3,"href":"https:\/\/quebecerratique.com\/index.php\/wp-json\/wp\/v2\/pages\/108\/revisions"}],"predecessor-version":[{"id":113,"href":"https:\/\/quebecerratique.com\/index.php\/wp-json\/wp\/v2\/pages\/108\/revisions\/113"}],"wp:attachment":[{"href":"https:\/\/quebecerratique.com\/index.php\/wp-json\/wp\/v2\/media?parent=108"}],"curies":[{"name":"wp","href":"https:\/\/api.w.org\/{rel}","templated":true}]}}